{"id":1885,"date":"2020-03-27T09:03:05","date_gmt":"2020-03-27T09:03:05","guid":{"rendered":"http:\/\/localhost\/projects\/Neve-music-band\/?page_id=51"},"modified":"2023-07-05T16:05:40","modified_gmt":"2023-07-05T16:05:40","slug":"b56e6-home","status":"publish","type":"page","link":"https:\/\/miradiovip.com\/","title":{"rendered":"Home"},"content":{"rendered":"\t\t<div data-elementor-type=\"wp-page\" data-elementor-id=\"1885\" class=\"elementor elementor-1885\">\n\t\t\t\t\t\t<section class=\"elementor-section elementor-top-section elementor-element elementor-element-c5c20a1 elementor-section-boxed elementor-section-height-default elementor-section-height-default\" data-id=\"c5c20a1\" data-element_type=\"section\" data-settings=\"{&quot;background_background&quot;:&quot;slideshow&quot;,&quot;background_slideshow_gallery&quot;:[{&quot;id&quot;:25,&quot;url&quot;:&quot;https:\\\/\\\/miradiovip.com\\\/wp-content\\\/uploads\\\/2019\\\/07\\\/neve-band-02.jpg&quot;}],&quot;background_slideshow_loop&quot;:&quot;yes&quot;,&quot;background_slideshow_slide_duration&quot;:5000,&quot;background_slideshow_slide_transition&quot;:&quot;fade&quot;,&quot;background_slideshow_transition_duration&quot;:500}\">\n\t\t\t\t\t\t<div class=\"elementor-container elementor-column-gap-default\">\n\t\t\t\t\t<div class=\"elementor-column elementor-col-100 elementor-top-column elementor-element elementor-element-4d32c77\" data-id=\"4d32c77\" data-element_type=\"column\">\n\t\t\t<div class=\"elementor-widget-wrap elementor-element-populated\">\n\t\t\t\t\t\t<div class=\"elementor-element elementor-element-ba2c27e elementor-widget elementor-widget-heading\" data-id=\"ba2c27e\" data-element_type=\"widget\" data-widget_type=\"heading.default\">\n\t\t\t\t<div class=\"elementor-widget-container\">\n\t\t\t\t\t<h2 class=\"elementor-heading-title elementor-size-default\">Listen on Air<\/h2>\t\t\t\t<\/div>\n\t\t\t\t<\/div>\n\t\t\t\t<div class=\"elementor-element elementor-element-c79f001 elementor-widget elementor-widget-html\" data-id=\"c79f001\" data-element_type=\"widget\" data-widget_type=\"html.default\">\n\t\t\t\t<div class=\"elementor-widget-container\">\n\t\t\t\t\t<iframe name=\"contenedorPlayer\" class=\"cuadroBordeado\" allow=\"autoplay\" width=\"100%\" height=\"75px\" marginwidth=0 marginheight=0 hspace=0 vspace=0 frameborder=0 scrolling=no  src=\"https:\/\/cp.usastreams.com\/pr2g\/APPlayerRadioHTML5.aspx?stream=https:\/\/stream.integracionvirtual.com\/proxy\/miradiovip?mp=\/stream&fondo=01&formato=mpeg&color=4&titulo=2&autoStart=1&vol=7&tipo=201&nombre=Mi+Radio+VIP&botonPlay=2&server=https:\/\/stream.integracionvirtual.com\/status.xslCHUMILLASmount=\/proxy\/status.xslCHUMILLASmount=\/miradiovipCHUMILLASmp=\/status.xslCHUMILLASmount=\/stream\"><\/iframe>\t\t\t\t<\/div>\n\t\t\t\t<\/div>\n\t\t\t\t<div class=\"elementor-element elementor-element-209881d elementor-widget elementor-widget-html\" data-id=\"209881d\" data-element_type=\"widget\" data-widget_type=\"html.default\">\n\t\t\t\t<div class=\"elementor-widget-container\">\n\t\t\t\t\t<iframe src=\"https:\/\/www3.cbox.ws\/box\/?boxid=3517639&boxtag=4aSjcT\" width=\"100%\" height=\"450\" allowtransparency=\"yes\" allow=\"autoplay\" frameborder=\"0\" marginheight=\"0\" marginwidth=\"0\" scrolling=\"auto\"><\/iframe>\t\t\t\t\t<\/div>\n\t\t\t\t<\/div>\n\t\t\t\t<div class=\"elementor-element elementor-element-a08f15d elementor-widget elementor-widget-heading\" data-id=\"a08f15d\" data-element_type=\"widget\" data-widget_type=\"heading.default\">\n\t\t\t\t<div class=\"elementor-widget-container\">\n\t\t\t\t\t<h5 class=\"elementor-heading-title elementor-size-small\">Top<\/h5>\t\t\t\t<\/div>\n\t\t\t\t<\/div>\n\t\t\t\t<div class=\"elementor-element elementor-element-d312ade elementor-widget elementor-widget-eael-image-accordion\" data-id=\"d312ade\" data-element_type=\"widget\" data-widget_type=\"eael-image-accordion.default\">\n\t\t\t\t<div class=\"elementor-widget-container\">\n\t\t\t\t\t    <div class=\"eael-img-accordion accordion-direction-horizontal eael-img-accordion-horizontal-align-center eael-img-accordion-vertical-align-center\" id=\"eael-img-accordion-d312ade\" data-img-accordion-id=\"d312ade\" data-img-accordion-type=\"on-hover\">\n                    \n            <div class=\"eael-image-accordion-hover eael-image-accordion-item\" style=\"background-image: url(https:\/\/miradiovip.com\/wp-content\/plugins\/essential-addons-for-elementor-lite\/\/assets\/front-end\/img\/accordion.png);\"  tabindex=\"0\">\n                <div class=\"overlay\">\n                    <div class=\"overlay-inner \">\n                        <h2 class=\"img-accordion-title\">Imagen de acorde\u00f3n #1<\/h2>                            <p>\u00a1El contenido del acorde\u00f3n de imagen va aqu\u00ed! Haz clic en el bot\u00f3n Editar para cambiar este texto.<\/p>\n                                            <\/div>\n                <\/div>\n            <\/div>\n                    \n            <div class=\"eael-image-accordion-hover eael-image-accordion-item\" style=\"background-image: url(https:\/\/miradiovip.com\/wp-content\/plugins\/essential-addons-for-elementor-lite\/\/assets\/front-end\/img\/accordion.png);\"  tabindex=\"0\">\n                <div class=\"overlay\">\n                    <div class=\"overlay-inner \">\n                        <h2 class=\"img-accordion-title\">Imagen de acorde\u00f3n #2<\/h2>                            <p>\u00a1El contenido del acorde\u00f3n de imagen va aqu\u00ed! Haz clic en el bot\u00f3n Editar para cambiar este texto.<\/p>\n                                            <\/div>\n                <\/div>\n            <\/div>\n                    \n            <div class=\"eael-image-accordion-hover eael-image-accordion-item\" style=\"background-image: url(https:\/\/miradiovip.com\/wp-content\/plugins\/essential-addons-for-elementor-lite\/\/assets\/front-end\/img\/accordion.png);\"  tabindex=\"0\">\n                <div class=\"overlay\">\n                    <div class=\"overlay-inner \">\n                        <h2 class=\"img-accordion-title\">Imagen de acorde\u00f3n #3<\/h2>                            <p>\u00a1El contenido del acorde\u00f3n de imagen va aqu\u00ed! Haz clic en el bot\u00f3n Editar para cambiar este texto.<\/p>\n                                            <\/div>\n                <\/div>\n            <\/div>\n                    \n            <div class=\"eael-image-accordion-hover eael-image-accordion-item\" style=\"background-image: url(https:\/\/miradiovip.com\/wp-content\/plugins\/essential-addons-for-elementor-lite\/\/assets\/front-end\/img\/accordion.png);\"  tabindex=\"0\">\n                <div class=\"overlay\">\n                    <div class=\"overlay-inner \">\n                        <h2 class=\"img-accordion-title\">Imagen de acorde\u00f3n #4<\/h2>                            <p>\u00a1El contenido del acorde\u00f3n de imagen va aqu\u00ed! Haz clic en el bot\u00f3n Editar para cambiar este texto.<\/p>\n                                            <\/div>\n                <\/div>\n            <\/div>\n                <\/div>\n        <style typr=\"text\/css\">\n                    #eael-img-accordion-d312ade .eael-image-accordion-hover:hover {\n                        flex: 3 1 0% !important;\n                    }\n                    #eael-img-accordion-d312ade .eael-image-accordion-hover:hover:hover .overlay-inner * {\n                        opacity: 1;\n                        visibility: visible;\n                        transform: none;\n                        transition: all .3s .3s;\n                    }\n                <\/style>\t\t\t\t<\/div>\n\t\t\t\t<\/div>\n\t\t\t\t\t<\/div>\n\t\t<\/div>\n\t\t\t\t\t<\/div>\n\t\t<\/section>\n\t\t\t\t<section class=\"elementor-section elementor-top-section elementor-element elementor-element-f293d81 elementor-section-boxed elementor-section-height-default elementor-section-height-default\" data-id=\"f293d81\" data-element_type=\"section\">\n\t\t\t\t\t\t<div class=\"elementor-container elementor-column-gap-default\">\n\t\t\t\t\t<div class=\"elementor-column elementor-col-100 elementor-top-column elementor-element elementor-element-9697104\" data-id=\"9697104\" data-element_type=\"column\">\n\t\t\t<div class=\"elementor-widget-wrap elementor-element-populated\">\n\t\t\t\t\t\t<div class=\"elementor-element elementor-element-27086e7 elementor-widget elementor-widget-heading\" data-id=\"27086e7\" data-element_type=\"widget\" data-widget_type=\"heading.default\">\n\t\t\t\t<div class=\"elementor-widget-container\">\n\t\t\t\t\t<h3 class=\"elementor-heading-title elementor-size-default\">Weekly Radio program<\/h3>\t\t\t\t<\/div>\n\t\t\t\t<\/div>\n\t\t\t\t<div class=\"elementor-element elementor-element-98de519 elementor-widget-divider--view-line elementor-widget elementor-widget-divider\" data-id=\"98de519\" data-element_type=\"widget\" data-widget_type=\"divider.default\">\n\t\t\t\t<div class=\"elementor-widget-container\">\n\t\t\t\t\t\t\t<div class=\"elementor-divider\">\n\t\t\t<span class=\"elementor-divider-separator\">\n\t\t\t\t\t\t<\/span>\n\t\t<\/div>\n\t\t\t\t\t\t<\/div>\n\t\t\t\t<\/div>\n\t\t\t\t<div class=\"elementor-element elementor-element-c1fd1d2 elementor-arrows-position-inside elementor-pagination-position-outside elementor-widget elementor-widget-image-carousel\" data-id=\"c1fd1d2\" data-element_type=\"widget\" data-settings=\"{&quot;navigation&quot;:&quot;both&quot;,&quot;autoplay&quot;:&quot;yes&quot;,&quot;pause_on_hover&quot;:&quot;yes&quot;,&quot;pause_on_interaction&quot;:&quot;yes&quot;,&quot;autoplay_speed&quot;:5000,&quot;infinite&quot;:&quot;yes&quot;,&quot;speed&quot;:500}\" data-widget_type=\"image-carousel.default\">\n\t\t\t\t<div class=\"elementor-widget-container\">\n\t\t\t\t\t\t\t<div class=\"elementor-image-carousel-wrapper swiper\" role=\"region\" aria-roledescription=\"carousel\" aria-label=\"Carrusel de im\u00e1genes\" dir=\"ltr\">\n\t\t\t<div class=\"elementor-image-carousel swiper-wrapper\" aria-live=\"off\">\n\t\t\t\t\t\t\t\t<div class=\"swiper-slide\" role=\"group\" aria-roledescription=\"slide\" aria-label=\"1 de 6\"><figure class=\"swiper-slide-inner\"><img decoding=\"async\" class=\"swiper-slide-image\" src=\"https:\/\/miradiovip.com\/wp-content\/uploads\/2019\/07\/neve-band-08-1-300x300.jpg\" alt=\"lunes\" \/><\/figure><\/div><div class=\"swiper-slide\" role=\"group\" aria-roledescription=\"slide\" aria-label=\"2 de 6\"><figure class=\"swiper-slide-inner\"><img decoding=\"async\" class=\"swiper-slide-image\" src=\"https:\/\/miradiovip.com\/wp-content\/uploads\/2019\/07\/matthew-kalapuch-sqJ4tLBiurw-unsplash-300x300.jpg\" alt=\"martes\" \/><\/figure><\/div><div class=\"swiper-slide\" role=\"group\" aria-roledescription=\"slide\" aria-label=\"3 de 6\"><figure class=\"swiper-slide-inner\"><img decoding=\"async\" class=\"swiper-slide-image\" src=\"https:\/\/miradiovip.com\/wp-content\/uploads\/2019\/07\/frankie-cordoba-IDdY5H8NcMI-unsplash-300x300.jpg\" alt=\"miercoles\" \/><\/figure><\/div><div class=\"swiper-slide\" role=\"group\" aria-roledescription=\"slide\" aria-label=\"4 de 6\"><figure class=\"swiper-slide-inner\"><img decoding=\"async\" class=\"swiper-slide-image\" src=\"https:\/\/miradiovip.com\/wp-content\/uploads\/2019\/07\/dane-deaner-bIGJUpf6D-4-unsplash-300x300.jpg\" alt=\"jueves\" \/><\/figure><\/div><div class=\"swiper-slide\" role=\"group\" aria-roledescription=\"slide\" aria-label=\"5 de 6\"><figure class=\"swiper-slide-inner\"><img decoding=\"async\" class=\"swiper-slide-image\" src=\"https:\/\/miradiovip.com\/wp-content\/uploads\/2019\/07\/neve-band-08-300x300.jpg\" alt=\"viernes\" \/><\/figure><\/div><div class=\"swiper-slide\" role=\"group\" aria-roledescription=\"slide\" aria-label=\"6 de 6\"><figure class=\"swiper-slide-inner\"><img decoding=\"async\" class=\"swiper-slide-image\" src=\"https:\/\/miradiovip.com\/wp-content\/uploads\/2019\/07\/neve-band-09-300x300.jpg\" alt=\"sabado\" \/><\/figure><\/div>\t\t\t<\/div>\n\t\t\t\t\t\t\t\t\t\t\t\t<div class=\"elementor-swiper-button elementor-swiper-button-prev\" role=\"button\" tabindex=\"0\">\n\t\t\t\t\t\t<i aria-hidden=\"true\" class=\"eicon-chevron-left\"><\/i>\t\t\t\t\t<\/div>\n\t\t\t\t\t<div class=\"elementor-swiper-button elementor-swiper-button-next\" role=\"button\" tabindex=\"0\">\n\t\t\t\t\t\t<i aria-hidden=\"true\" class=\"eicon-chevron-right\"><\/i>\t\t\t\t\t<\/div>\n\t\t\t\t\n\t\t\t\t\t\t\t\t\t<div class=\"swiper-pagination\"><\/div>\n\t\t\t\t\t\t\t\t\t<\/div>\n\t\t\t\t\t\t<\/div>\n\t\t\t\t<\/div>\n\t\t\t\t\t<\/div>\n\t\t<\/div>\n\t\t\t\t\t<\/div>\n\t\t<\/section>\n\t\t\t\t<\/div>\n\t\t","protected":false},"excerpt":{"rendered":"<p>Listen on Air Top Imagen de acorde\u00f3n #1 \u00a1El contenido del acorde\u00f3n de imagen va aqu\u00ed! Haz clic en el bot\u00f3n Editar para cambiar este texto. Imagen de acorde\u00f3n #2 \u00a1El contenido del acorde\u00f3n de imagen va aqu\u00ed! Haz clic en el bot\u00f3n Editar para cambiar este texto. Imagen de acorde\u00f3n #3 \u00a1El contenido del&hellip;&nbsp;<a href=\"https:\/\/miradiovip.com\/\" class=\"\" rel=\"bookmark\">Leer m\u00e1s &raquo;<span class=\"screen-reader-text\">Home<\/span><\/a><\/p>\n","protected":false},"author":1,"featured_media":0,"parent":0,"menu_order":0,"comment_status":"closed","ping_status":"closed","template":"page-templates\/template-pagebuilder-full-width.php","meta":{"neve_meta_sidebar":"full-width","neve_meta_container":"contained","neve_meta_enable_content_width":"on","neve_meta_content_width":100,"neve_meta_title_alignment":"","neve_meta_author_avatar":"","neve_post_elements_order":"","neve_meta_disable_header":"","neve_meta_disable_footer":"","neve_meta_disable_title":"","_themeisle_gutenberg_block_has_review":false,"footnotes":""},"class_list":["post-1885","page","type-page","status-publish","hentry"],"featured_media_urls":[],"_links":{"self":[{"href":"https:\/\/miradiovip.com\/index.php\/wp-json\/wp\/v2\/pages\/1885","targetHints":{"allow":["GET"]}}],"collection":[{"href":"https:\/\/miradiovip.com\/index.php\/wp-json\/wp\/v2\/pages"}],"about":[{"href":"https:\/\/miradiovip.com\/index.php\/wp-json\/wp\/v2\/types\/page"}],"author":[{"embeddable":true,"href":"https:\/\/miradiovip.com\/index.php\/wp-json\/wp\/v2\/users\/1"}],"replies":[{"embeddable":true,"href":"https:\/\/miradiovip.com\/index.php\/wp-json\/wp\/v2\/comments?post=1885"}],"version-history":[{"count":27,"href":"https:\/\/miradiovip.com\/index.php\/wp-json\/wp\/v2\/pages\/1885\/revisions"}],"predecessor-version":[{"id":1925,"href":"https:\/\/miradiovip.com\/index.php\/wp-json\/wp\/v2\/pages\/1885\/revisions\/1925"}],"wp:attachment":[{"href":"https:\/\/miradiovip.com\/index.php\/wp-json\/wp\/v2\/media?parent=1885"}],"curies":[{"name":"wp","href":"https:\/\/api.w.org\/{rel}","templated":true}]}}